


{"id":4987,"date":"2024-04-23T15:21:04","date_gmt":"2024-04-23T15:21:04","guid":{"rendered":"https:\/\/thachanhvang.com\/color-imatch\/"},"modified":"2024-05-24T23:14:17","modified_gmt":"2024-05-24T23:14:17","slug":"color-imatch","status":"publish","type":"page","link":"https:\/\/thachanhvang.com\/en\/color-imatch\/","title":{"rendered":"Color iMatch"},"content":{"rendered":"<ul>\n<li>Ph\u1ea7n m\u1ec1m Ph\u1ed1i v\u00e0 L\u1eadp c\u00f4ng th\u1ee9c m\u00e0u<\/li>\n<li>Ph\u00e2n t\u00edch m\u00e0u nhanh, ch\u00ednh x\u00e1c<\/li>\n<li>T\u1ed1i \u01b0u t\u1eebng c\u00f4ng th\u1ee9c cho chi ph\u00ed v\u00e0 m\u00e0u ch\u00ednh x\u00e1c nh\u1ea5t<\/li>\n<li>T\u00edch h\u1ee3p v\u1edbi ph\u1ea7n m\u1ec1m \u0111\u00e1nh gi\u00e1 ki\u1ec3m so\u00e1t ch\u1ea5t l\u01b0\u1ee3ng<\/li>\n<li>C\u00f3 kh\u1ea3 n\u0103ng x\u00e2y d\u1ef1ng v\u00e0 \u0111i\u1ec1u ch\u1ec9nh c\u01a1 s\u1edf d\u1eef li\u1ec7u m\u00e0u<\/li>\n<\/ul>\n","protected":false},"excerpt":{"rendered":"<p>Ph\u1ea7n m\u1ec1m Ph\u1ed1i v\u00e0 L\u1eadp c\u00f4ng th\u1ee9c m\u00e0u Ph\u00e2n t\u00edch m\u00e0u nhanh, ch\u00ednh x\u00e1c T\u1ed1i \u01b0u t\u1eebng c\u00f4ng th\u1ee9c cho chi ph\u00ed v\u00e0 m\u00e0u ch\u00ednh x\u00e1c nh\u1ea5t T\u00edch h\u1ee3p v\u1edbi ph\u1ea7n m\u1ec1m \u0111\u00e1nh gi\u00e1 ki\u1ec3m so\u00e1t ch\u1ea5t l\u01b0\u1ee3ng C\u00f3 kh\u1ea3 n\u0103ng x\u00e2y d\u1ef1ng v\u00e0 \u0111i\u1ec1u ch\u1ec9nh c\u01a1 s\u1edf d\u1eef li\u1ec7u m\u00e0u<\/p>\n","protected":false},"author":16,"featured_media":4678,"parent":5003,"menu_order":0,"comment_status":"closed","ping_status":"closed","template":"page-application-children.php","meta":{"footnotes":""},"acf":[],"_links":{"self":[{"href":"https:\/\/thachanhvang.com\/en\/wp-json\/wp\/v2\/pages\/4987"}],"collection":[{"href":"https:\/\/thachanhvang.com\/en\/wp-json\/wp\/v2\/pages"}],"about":[{"href":"https:\/\/thachanhvang.com\/en\/wp-json\/wp\/v2\/types\/page"}],"author":[{"embeddable":true,"href":"https:\/\/thachanhvang.com\/en\/wp-json\/wp\/v2\/users\/16"}],"replies":[{"embeddable":true,"href":"https:\/\/thachanhvang.com\/en\/wp-json\/wp\/v2\/comments?post=4987"}],"version-history":[{"count":1,"href":"https:\/\/thachanhvang.com\/en\/wp-json\/wp\/v2\/pages\/4987\/revisions"}],"predecessor-version":[{"id":5540,"href":"https:\/\/thachanhvang.com\/en\/wp-json\/wp\/v2\/pages\/4987\/revisions\/5540"}],"up":[{"embeddable":true,"href":"https:\/\/thachanhvang.com\/en\/wp-json\/wp\/v2\/pages\/5003"}],"wp:featuredmedia":[{"embeddable":true,"href":"https:\/\/thachanhvang.com\/en\/wp-json\/wp\/v2\/media\/4678"}],"wp:attachment":[{"href":"https:\/\/thachanhvang.com\/en\/wp-json\/wp\/v2\/media?parent=4987"}],"curies":[{"name":"wp","href":"https:\/\/api.w.org\/{rel}","templated":true}]}}