


{"id":4992,"date":"2024-04-23T15:19:41","date_gmt":"2024-04-23T15:19:41","guid":{"rendered":"https:\/\/thachanhvang.com\/color-iqc\/"},"modified":"2024-05-24T23:23:28","modified_gmt":"2024-05-24T23:23:28","slug":"color-iqc","status":"publish","type":"page","link":"https:\/\/thachanhvang.com\/en\/color-iqc\/","title":{"rendered":"Color iQC"},"content":{"rendered":"<ul>\n<li>X\u00e1c \u0111\u1ecbnh m\u1eabu c\u00f3 n\u1eb1m trong dung sai cho ph\u00e9p kh\u00f4ng, n\u1ebfu kh\u00f4ng, \u0111\u01b0a ra g\u1ee3i \u00fd \u0111\u1ec3 c\u00f3 th\u1ec3 \u0111\u1ea1t \u0111\u01b0\u1ee3c th\u00f4ng s\u1ed1 mong mu\u1ed1n<\/li>\n<li>Ph\u00e2n t\u00edch t\u1ea1i sao x\u1ea3y ra l\u1ed7i v\u1ec1 m\u00e0u s\u1eafc<\/li>\n<li>X\u00e1c \u0111\u1ecbnh c\u00e1c ch\u1ec9 s\u1ed1 quan tr\u1ecdng \u0111\u1ec3 \u0111i\u1ec1u ch\u1ec9nh quy tr\u00ecnh s\u1ea3n xu\u1ea5t<\/li>\n<li>Ki\u1ec3m so\u00e1t v\u00e0 \u0111\u1ea3m b\u1ea3o truy\u1ec1n \u0111\u1ea1t th\u00f4ng s\u1ed1 c\u1ea3i ti\u1ebfn c\u1ea3i ti\u1ebfn m\u00e0u trong chu\u1ed7i cung \u1ee9ng t\u1eeb khi ch\u1ec9 \u0111\u1ecbnh m\u00e0u \u0111\u1ebfn c\u00e1c nh\u00e0 cung c\u1ea5p nguy\u00ean v\u1eadt li\u1ec7u, nh\u00e0 s\u1ea3n xu\u1ea5t v\u00e0 may m\u1eb7c<\/li>\n<\/ul>\n","protected":false},"excerpt":{"rendered":"<p>X\u00e1c \u0111\u1ecbnh m\u1eabu c\u00f3 n\u1eb1m trong dung sai cho ph\u00e9p kh\u00f4ng, n\u1ebfu kh\u00f4ng, \u0111\u01b0a ra g\u1ee3i \u00fd \u0111\u1ec3 c\u00f3 th\u1ec3 \u0111\u1ea1t \u0111\u01b0\u1ee3c th\u00f4ng s\u1ed1 mong mu\u1ed1n Ph\u00e2n t\u00edch t\u1ea1i sao x\u1ea3y ra l\u1ed7i v\u1ec1 m\u00e0u s\u1eafc X\u00e1c \u0111\u1ecbnh c\u00e1c ch\u1ec9 s\u1ed1 quan tr\u1ecdng \u0111\u1ec3 \u0111i\u1ec1u ch\u1ec9nh quy tr\u00ecnh s\u1ea3n xu\u1ea5t Ki\u1ec3m so\u00e1t v\u00e0 \u0111\u1ea3m b\u1ea3o [&hellip;]<\/p>\n","protected":false},"author":16,"featured_media":4669,"parent":5003,"menu_order":0,"comment_status":"closed","ping_status":"closed","template":"page-application-children.php","meta":{"footnotes":""},"acf":[],"_links":{"self":[{"href":"https:\/\/thachanhvang.com\/en\/wp-json\/wp\/v2\/pages\/4992"}],"collection":[{"href":"https:\/\/thachanhvang.com\/en\/wp-json\/wp\/v2\/pages"}],"about":[{"href":"https:\/\/thachanhvang.com\/en\/wp-json\/wp\/v2\/types\/page"}],"author":[{"embeddable":true,"href":"https:\/\/thachanhvang.com\/en\/wp-json\/wp\/v2\/users\/16"}],"replies":[{"embeddable":true,"href":"https:\/\/thachanhvang.com\/en\/wp-json\/wp\/v2\/comments?post=4992"}],"version-history":[{"count":1,"href":"https:\/\/thachanhvang.com\/en\/wp-json\/wp\/v2\/pages\/4992\/revisions"}],"predecessor-version":[{"id":5543,"href":"https:\/\/thachanhvang.com\/en\/wp-json\/wp\/v2\/pages\/4992\/revisions\/5543"}],"up":[{"embeddable":true,"href":"https:\/\/thachanhvang.com\/en\/wp-json\/wp\/v2\/pages\/5003"}],"wp:featuredmedia":[{"embeddable":true,"href":"https:\/\/thachanhvang.com\/en\/wp-json\/wp\/v2\/media\/4669"}],"wp:attachment":[{"href":"https:\/\/thachanhvang.com\/en\/wp-json\/wp\/v2\/media?parent=4992"}],"curies":[{"name":"wp","href":"https:\/\/api.w.org\/{rel}","templated":true}]}}